{"id":574,"date":"2021-02-13T15:54:01","date_gmt":"2021-02-13T14:54:01","guid":{"rendered":"https:\/\/rubishome.com\/?post_type=product&#038;p=574"},"modified":"2026-04-06T18:08:58","modified_gmt":"2026-04-06T16:08:58","slug":"poele-granite-26-cm","status":"publish","type":"product","link":"https:\/\/rubishome.com\/?product=poele-granite-26-cm","title":{"rendered":"Po\u00eale Granite 28 cm"},"content":{"rendered":"","protected":false},"excerpt":{"rendered":"<p>CODE PRODUIT: S-8226<br \/>\nS-8226 Po\u00eale 28 cm<br \/>\nMARQUE: EV\u0130MSARAY<br \/>\n<strong>P\u00c9RIODE DE GARANTIE: 2 ANN\u00c9ES<\/strong><br \/>\nPI\u00c8CE EN BO\u00ceTE: 1 pi\u00e8ces<\/p>\n","protected":false},"featured_media":608,"comment_status":"open","ping_status":"closed","template":"","meta":[],"_links":{"self":[{"href":"https:\/\/rubishome.com\/index.php?rest_route=\/wp\/v2\/product\/574"}],"collection":[{"href":"https:\/\/rubishome.com\/index.php?rest_route=\/wp\/v2\/product"}],"about":[{"href":"https:\/\/rubishome.com\/index.php?rest_route=\/wp\/v2\/types\/product"}],"replies":[{"embeddable":true,"href":"https:\/\/rubishome.com\/index.php?rest_route=%2Fwp%2Fv2%2Fcomments&post=574"}],"wp:featuredmedia":[{"embeddable":true,"href":"https:\/\/rubishome.com\/index.php?rest_route=\/wp\/v2\/media\/608"}],"wp:attachment":[{"href":"https:\/\/rubishome.com\/index.php?rest_route=%2Fwp%2Fv2%2Fmedia&parent=574"}],"curies":[{"name":"wp","href":"https:\/\/api.w.org\/{rel}","templated":true}]}}