{"id":650,"date":"2021-05-14T01:35:36","date_gmt":"2021-05-13T23:35:36","guid":{"rendered":"https:\/\/rubishome.com\/?post_type=product&#038;p=650"},"modified":"2023-06-22T17:06:26","modified_gmt":"2023-06-22T15:06:26","slug":"set-pots-a-epices-3","status":"publish","type":"product","link":"https:\/\/rubishome.com\/?product=set-pots-a-epices-3","title":{"rendered":"Set Pots \u00e0 \u00e9pices"},"content":{"rendered":"","protected":false},"excerpt":{"rendered":"<p>Set Pots \u00e0 \u00e9pices 7 pi\u00e8ces Blanc marbr\u00e8<\/p>\n","protected":false},"featured_media":651,"comment_status":"open","ping_status":"closed","template":"","meta":[],"_links":{"self":[{"href":"https:\/\/rubishome.com\/index.php?rest_route=\/wp\/v2\/product\/650"}],"collection":[{"href":"https:\/\/rubishome.com\/index.php?rest_route=\/wp\/v2\/product"}],"about":[{"href":"https:\/\/rubishome.com\/index.php?rest_route=\/wp\/v2\/types\/product"}],"replies":[{"embeddable":true,"href":"https:\/\/rubishome.com\/index.php?rest_route=%2Fwp%2Fv2%2Fcomments&post=650"}],"wp:featuredmedia":[{"embeddable":true,"href":"https:\/\/rubishome.com\/index.php?rest_route=\/wp\/v2\/media\/651"}],"wp:attachment":[{"href":"https:\/\/rubishome.com\/index.php?rest_route=%2Fwp%2Fv2%2Fmedia&parent=650"}],"curies":[{"name":"wp","href":"https:\/\/api.w.org\/{rel}","templated":true}]}}