{"id":652,"date":"2021-05-14T01:37:44","date_gmt":"2021-05-13T23:37:44","guid":{"rendered":"https:\/\/rubishome.com\/?post_type=product&#038;p=652"},"modified":"2024-03-12T11:09:41","modified_gmt":"2024-03-12T10:09:41","slug":"set-pots-a-epices-7-pieces","status":"publish","type":"product","link":"https:\/\/rubishome.com\/?product=set-pots-a-epices-7-pieces","title":{"rendered":"set pots \u00e0 \u00e9pices 7 pi\u00e8ces"},"content":{"rendered":"","protected":false},"excerpt":{"rendered":"<p>Set pots \u00e0 \u00e9pices 7 pi\u00e8ces noir\u00a0marbr\u00e9<\/p>\n","protected":false},"featured_media":653,"comment_status":"open","ping_status":"closed","template":"","meta":[],"_links":{"self":[{"href":"https:\/\/rubishome.com\/index.php?rest_route=\/wp\/v2\/product\/652"}],"collection":[{"href":"https:\/\/rubishome.com\/index.php?rest_route=\/wp\/v2\/product"}],"about":[{"href":"https:\/\/rubishome.com\/index.php?rest_route=\/wp\/v2\/types\/product"}],"replies":[{"embeddable":true,"href":"https:\/\/rubishome.com\/index.php?rest_route=%2Fwp%2Fv2%2Fcomments&post=652"}],"wp:featuredmedia":[{"embeddable":true,"href":"https:\/\/rubishome.com\/index.php?rest_route=\/wp\/v2\/media\/653"}],"wp:attachment":[{"href":"https:\/\/rubishome.com\/index.php?rest_route=%2Fwp%2Fv2%2Fmedia&parent=652"}],"curies":[{"name":"wp","href":"https:\/\/api.w.org\/{rel}","templated":true}]}}