{"id":658,"date":"2021-05-14T01:42:15","date_gmt":"2021-05-13T23:42:15","guid":{"rendered":"https:\/\/rubishome.com\/?post_type=product&#038;p=658"},"modified":"2022-04-09T15:55:50","modified_gmt":"2022-04-09T13:55:50","slug":"set-pots-a-epices-7-pieces-4","status":"publish","type":"product","link":"https:\/\/rubishome.com\/?product=set-pots-a-epices-7-pieces-4","title":{"rendered":"set pots \u00e0 \u00e9pices 7 pi\u00e8ces"},"content":{"rendered":"","protected":false},"excerpt":{"rendered":"<p>set pots \u00e0 \u00e9pices 7 pi\u00e8ces violet<\/p>\n","protected":false},"featured_media":659,"comment_status":"open","ping_status":"closed","template":"","meta":[],"_links":{"self":[{"href":"https:\/\/rubishome.com\/index.php?rest_route=\/wp\/v2\/product\/658"}],"collection":[{"href":"https:\/\/rubishome.com\/index.php?rest_route=\/wp\/v2\/product"}],"about":[{"href":"https:\/\/rubishome.com\/index.php?rest_route=\/wp\/v2\/types\/product"}],"replies":[{"embeddable":true,"href":"https:\/\/rubishome.com\/index.php?rest_route=%2Fwp%2Fv2%2Fcomments&post=658"}],"wp:featuredmedia":[{"embeddable":true,"href":"https:\/\/rubishome.com\/index.php?rest_route=\/wp\/v2\/media\/659"}],"wp:attachment":[{"href":"https:\/\/rubishome.com\/index.php?rest_route=%2Fwp%2Fv2%2Fmedia&parent=658"}],"curies":[{"name":"wp","href":"https:\/\/api.w.org\/{rel}","templated":true}]}}