{"id":664,"date":"2021-05-17T15:24:09","date_gmt":"2021-05-17T13:24:09","guid":{"rendered":"https:\/\/rubishome.com\/?post_type=product&#038;p=664"},"modified":"2026-01-14T14:11:46","modified_gmt":"2026-01-14T13:11:46","slug":"service-cafe-marbre","status":"publish","type":"product","link":"https:\/\/rubishome.com\/?product=service-cafe-marbre","title":{"rendered":"Service Caf\u00e9 Marbr\u00e9"},"content":{"rendered":"","protected":false},"excerpt":{"rendered":"<p>Service Caf\u00e9 10 pi\u00e8ces :<\/p>\n<p>5 tasses et 5 sous tasses<\/p>\n","protected":false},"featured_media":665,"comment_status":"open","ping_status":"closed","template":"","meta":[],"_links":{"self":[{"href":"https:\/\/rubishome.com\/index.php?rest_route=\/wp\/v2\/product\/664"}],"collection":[{"href":"https:\/\/rubishome.com\/index.php?rest_route=\/wp\/v2\/product"}],"about":[{"href":"https:\/\/rubishome.com\/index.php?rest_route=\/wp\/v2\/types\/product"}],"replies":[{"embeddable":true,"href":"https:\/\/rubishome.com\/index.php?rest_route=%2Fwp%2Fv2%2Fcomments&post=664"}],"wp:featuredmedia":[{"embeddable":true,"href":"https:\/\/rubishome.com\/index.php?rest_route=\/wp\/v2\/media\/665"}],"wp:attachment":[{"href":"https:\/\/rubishome.com\/index.php?rest_route=%2Fwp%2Fv2%2Fmedia&parent=664"}],"curies":[{"name":"wp","href":"https:\/\/api.w.org\/{rel}","templated":true}]}}