{"id":668,"date":"2021-05-17T15:27:58","date_gmt":"2021-05-17T13:27:58","guid":{"rendered":"https:\/\/rubishome.com\/?post_type=product&#038;p=668"},"modified":"2026-02-16T18:09:22","modified_gmt":"2026-02-16T17:09:22","slug":"service-cafe","status":"publish","type":"product","link":"https:\/\/rubishome.com\/?product=service-cafe","title":{"rendered":"Service caf\u00e9"},"content":{"rendered":"<p>Service Caf\u00e9 12 pi\u00e8ces 2en1 sous tasse et assiette \u00e0 g\u00e2teau<\/p>\n","protected":false},"excerpt":{"rendered":"<p>Service Caf\u00e9 12 pi\u00e8ces :<\/p>\n<p>6 tasses et 6 sous tasses<\/p>\n","protected":false},"featured_media":669,"comment_status":"open","ping_status":"closed","template":"","meta":[],"_links":{"self":[{"href":"https:\/\/rubishome.com\/index.php?rest_route=\/wp\/v2\/product\/668"}],"collection":[{"href":"https:\/\/rubishome.com\/index.php?rest_route=\/wp\/v2\/product"}],"about":[{"href":"https:\/\/rubishome.com\/index.php?rest_route=\/wp\/v2\/types\/product"}],"replies":[{"embeddable":true,"href":"https:\/\/rubishome.com\/index.php?rest_route=%2Fwp%2Fv2%2Fcomments&post=668"}],"wp:featuredmedia":[{"embeddable":true,"href":"https:\/\/rubishome.com\/index.php?rest_route=\/wp\/v2\/media\/669"}],"wp:attachment":[{"href":"https:\/\/rubishome.com\/index.php?rest_route=%2Fwp%2Fv2%2Fmedia&parent=668"}],"curies":[{"name":"wp","href":"https:\/\/api.w.org\/{rel}","templated":true}]}}