{"id":770,"date":"2021-05-19T19:01:44","date_gmt":"2021-05-19T17:01:44","guid":{"rendered":"https:\/\/rubishome.com\/?post_type=product&#038;p=770"},"modified":"2024-09-07T20:43:35","modified_gmt":"2024-09-07T18:43:35","slug":"menagere-de-84-pieces-genova","status":"publish","type":"product","link":"https:\/\/rubishome.com\/?product=menagere-de-84-pieces-genova","title":{"rendered":"M\u00e9nag\u00e8re de 36 pi\u00e8ces GENOVA"},"content":{"rendered":"<p>6 Cuillers<\/p>\n<p>6 cuillers \u00e0 dessert<\/p>\n<p>6 cuillers \u00e0 caf\u00e9<\/p>\n<p>6 couteaux<\/p>\n<p>6 fourchettes<\/p>\n<p>6 fourchettes \u00e0 dessert<\/p>\n","protected":false},"excerpt":{"rendered":"<p>Service m\u00e9nag\u00e8re de 36 pi\u00e8ces Genova inox 18\/10<\/p>\n","protected":false},"featured_media":1899,"comment_status":"open","ping_status":"closed","template":"","meta":[],"_links":{"self":[{"href":"https:\/\/rubishome.com\/index.php?rest_route=\/wp\/v2\/product\/770"}],"collection":[{"href":"https:\/\/rubishome.com\/index.php?rest_route=\/wp\/v2\/product"}],"about":[{"href":"https:\/\/rubishome.com\/index.php?rest_route=\/wp\/v2\/types\/product"}],"replies":[{"embeddable":true,"href":"https:\/\/rubishome.com\/index.php?rest_route=%2Fwp%2Fv2%2Fcomments&post=770"}],"wp:featuredmedia":[{"embeddable":true,"href":"https:\/\/rubishome.com\/index.php?rest_route=\/wp\/v2\/media\/1899"}],"wp:attachment":[{"href":"https:\/\/rubishome.com\/index.php?rest_route=%2Fwp%2Fv2%2Fmedia&parent=770"}],"curies":[{"name":"wp","href":"https:\/\/api.w.org\/{rel}","templated":true}]}}