{"id":783,"date":"2021-05-22T13:51:36","date_gmt":"2021-05-22T11:51:36","guid":{"rendered":"https:\/\/rubishome.com\/?post_type=product&#038;p=783"},"modified":"2025-08-30T16:31:51","modified_gmt":"2025-08-30T14:31:51","slug":"set-pots-a-epices-17-pieces","status":"publish","type":"product","link":"https:\/\/rubishome.com\/?product=set-pots-a-epices-17-pieces","title":{"rendered":"Set Pots \u00e0 \u00e9pices 17 pi\u00e8ces"},"content":{"rendered":"<div>L&#8217;ensemble de Pots de luxe\u00a0 17 pi\u00e8ces est un produit unique qui rassemble beaucoup de vos besoins dans le m\u00eame emballage.<\/div>\n<div><\/div>\n<div>Contenu et informations sur le produit<\/div>\n<div><\/div>\n<div>1 grand pot en verre: 26,5 cm de hauteur et 10 cm de diam\u00e8tre avec couvercle \u00e0 vide<\/div>\n<div>1 bocal en verre moyen: 21,5 cm de hauteur et 10 cm de diam\u00e8tre avec couvercle \u00e0 vide<\/div>\n<div>1 bocal en verre de petite taille: 17,5 cm de hauteur et 10 cm de diam\u00e8tre avec couvercle \u00e0 vide<\/div>\n<div>7 petits pots \u00e0 \u00e9pices en verre: couvercle torsad\u00e9 (3 types de style de moulage) 10,5 cm de hauteur et 5,5 cm de diam\u00e8tre<\/div>\n<div>3 grands pots \u00e0 \u00e9pices en verre: couvercle sous vide de 13 cm de hauteur et 10 cm de diam\u00e8tre<\/div>\n<div>1 support en fil: 21 cm de largeur &#8211; 31 cm de longueur et 23 cm de hauteur<\/div>\n<div>2 bouteilles d&#8217;huile et de vinaigre: 17,5 cm de hauteur et 6 cm de diam\u00e8tre<\/div>\n<div>1 support rotatif: 16 cm de diam\u00e8tre et 25 cm de hauteur<\/div>\n","protected":false},"excerpt":{"rendered":"<p>Set pots \u00e0 \u00e9pices 17 pi\u00e8ces ros\u00e9<\/p>\n","protected":false},"featured_media":784,"comment_status":"open","ping_status":"closed","template":"","meta":[],"_links":{"self":[{"href":"https:\/\/rubishome.com\/index.php?rest_route=\/wp\/v2\/product\/783"}],"collection":[{"href":"https:\/\/rubishome.com\/index.php?rest_route=\/wp\/v2\/product"}],"about":[{"href":"https:\/\/rubishome.com\/index.php?rest_route=\/wp\/v2\/types\/product"}],"replies":[{"embeddable":true,"href":"https:\/\/rubishome.com\/index.php?rest_route=%2Fwp%2Fv2%2Fcomments&post=783"}],"wp:featuredmedia":[{"embeddable":true,"href":"https:\/\/rubishome.com\/index.php?rest_route=\/wp\/v2\/media\/784"}],"wp:attachment":[{"href":"https:\/\/rubishome.com\/index.php?rest_route=%2Fwp%2Fv2%2Fmedia&parent=783"}],"curies":[{"name":"wp","href":"https:\/\/api.w.org\/{rel}","templated":true}]}}