{"id":860,"date":"2021-06-25T16:07:16","date_gmt":"2021-06-25T14:07:16","guid":{"rendered":"https:\/\/rubishome.com\/?post_type=product&#038;p=860"},"modified":"2026-03-02T15:52:33","modified_gmt":"2026-03-02T14:52:33","slug":"service-menagere-de-36-pieces","status":"publish","type":"product","link":"https:\/\/rubishome.com\/?product=service-menagere-de-36-pieces","title":{"rendered":"Service m\u00e9nag\u00e8re de 32 pi\u00e8ces"},"content":{"rendered":"<p>6 cuill\u00e8res<\/p>\n<p>4 cuill\u00e8res \u00e0 dessert<\/p>\n<p>6 cuill\u00e8res \u00e0 caf\u00e9<\/p>\n<p>6 fourchettes<\/p>\n<p>4fourchettes \u00e0 dessert<\/p>\n<p>6\u00a0 couteaux<\/p>\n","protected":false},"excerpt":{"rendered":"<p>6 cuill\u00e8res 4 cuill\u00e8res \u00e0 dessert 6 cuill\u00e8res \u00e0 caf\u00e9 6 fourchettes 4fourchettes \u00e0 dessert 6\u00a0 couteaux<\/p>\n","protected":false},"featured_media":1558,"comment_status":"open","ping_status":"closed","template":"","meta":[],"_links":{"self":[{"href":"https:\/\/rubishome.com\/index.php?rest_route=\/wp\/v2\/product\/860"}],"collection":[{"href":"https:\/\/rubishome.com\/index.php?rest_route=\/wp\/v2\/product"}],"about":[{"href":"https:\/\/rubishome.com\/index.php?rest_route=\/wp\/v2\/types\/product"}],"replies":[{"embeddable":true,"href":"https:\/\/rubishome.com\/index.php?rest_route=%2Fwp%2Fv2%2Fcomments&post=860"}],"wp:featuredmedia":[{"embeddable":true,"href":"https:\/\/rubishome.com\/index.php?rest_route=\/wp\/v2\/media\/1558"}],"wp:attachment":[{"href":"https:\/\/rubishome.com\/index.php?rest_route=%2Fwp%2Fv2%2Fmedia&parent=860"}],"curies":[{"name":"wp","href":"https:\/\/api.w.org\/{rel}","templated":true}]}}