{"id":866,"date":"2021-06-25T16:23:03","date_gmt":"2021-06-25T14:23:03","guid":{"rendered":"https:\/\/rubishome.com\/?post_type=product&#038;p=866"},"modified":"2023-03-11T10:32:28","modified_gmt":"2023-03-11T09:32:28","slug":"service-porcelaine-de-24-pieces-kuthaya","status":"publish","type":"product","link":"https:\/\/rubishome.com\/?product=service-porcelaine-de-24-pieces-kuthaya","title":{"rendered":"Service porcelaine de 24 pi\u00e8ces PACI"},"content":{"rendered":"<p style=\"font-weight: 400;\">6 bols<\/p>\n<p style=\"font-weight: 400;\">6 Morceaux de Plat \u00e0 G\u00e2teau<\/p>\n<p style=\"font-weight: 400;\">6 assiettes de service<\/p>\n<p style=\"font-weight: 400;\">Assiette creuse 6 pi\u00e8ces<\/p>\n","protected":false},"excerpt":{"rendered":"<p>6 bols 6 Morceaux de Plat \u00e0 G\u00e2teau 6 assiettes de service Assiette creuse 6 pi\u00e8ces<\/p>\n","protected":false},"featured_media":925,"comment_status":"open","ping_status":"closed","template":"","meta":[],"_links":{"self":[{"href":"https:\/\/rubishome.com\/index.php?rest_route=\/wp\/v2\/product\/866"}],"collection":[{"href":"https:\/\/rubishome.com\/index.php?rest_route=\/wp\/v2\/product"}],"about":[{"href":"https:\/\/rubishome.com\/index.php?rest_route=\/wp\/v2\/types\/product"}],"replies":[{"embeddable":true,"href":"https:\/\/rubishome.com\/index.php?rest_route=%2Fwp%2Fv2%2Fcomments&post=866"}],"wp:featuredmedia":[{"embeddable":true,"href":"https:\/\/rubishome.com\/index.php?rest_route=\/wp\/v2\/media\/925"}],"wp:attachment":[{"href":"https:\/\/rubishome.com\/index.php?rest_route=%2Fwp%2Fv2%2Fmedia&parent=866"}],"curies":[{"name":"wp","href":"https:\/\/api.w.org\/{rel}","templated":true}]}}