{"id":893,"date":"2021-07-29T18:08:12","date_gmt":"2021-07-29T16:08:12","guid":{"rendered":"https:\/\/rubishome.com\/?post_type=product&#038;p=893"},"modified":"2026-01-14T14:03:34","modified_gmt":"2026-01-14T13:03:34","slug":"service-a-the-18-pieces-hurem-sade","status":"publish","type":"product","link":"https:\/\/rubishome.com\/?product=service-a-the-18-pieces-hurem-sade","title":{"rendered":"Service \u00e0 th\u00e9 18 pi\u00e8ces Hurem Sade"},"content":{"rendered":"<p>Service \u00e0 th\u00e9 18 pi\u00e8ces en inox 18\/10<\/p>\n","protected":false},"excerpt":{"rendered":"<p>6 verres<\/p>\n<p>6 sous tasses<\/p>\n<p>6 cuill\u00e8res<\/p>\n","protected":false},"featured_media":894,"comment_status":"open","ping_status":"closed","template":"","meta":[],"_links":{"self":[{"href":"https:\/\/rubishome.com\/index.php?rest_route=\/wp\/v2\/product\/893"}],"collection":[{"href":"https:\/\/rubishome.com\/index.php?rest_route=\/wp\/v2\/product"}],"about":[{"href":"https:\/\/rubishome.com\/index.php?rest_route=\/wp\/v2\/types\/product"}],"replies":[{"embeddable":true,"href":"https:\/\/rubishome.com\/index.php?rest_route=%2Fwp%2Fv2%2Fcomments&post=893"}],"wp:featuredmedia":[{"embeddable":true,"href":"https:\/\/rubishome.com\/index.php?rest_route=\/wp\/v2\/media\/894"}],"wp:attachment":[{"href":"https:\/\/rubishome.com\/index.php?rest_route=%2Fwp%2Fv2%2Fmedia&parent=893"}],"curies":[{"name":"wp","href":"https:\/\/api.w.org\/{rel}","templated":true}]}}