{"id":913,"date":"2021-12-28T16:51:37","date_gmt":"2021-12-28T15:51:37","guid":{"rendered":"https:\/\/rubishome.com\/?post_type=product&#038;p=913"},"modified":"2025-01-29T18:05:18","modified_gmt":"2025-01-29T17:05:18","slug":"poele-a-poisson","status":"publish","type":"product","link":"https:\/\/rubishome.com\/?product=poele-a-poisson","title":{"rendered":"Po\u00eale \u00e0 poisson"},"content":{"rendered":"<p>Po\u00eale \u00e0 poisson en granite Evimsaray<\/p>\n","protected":false},"excerpt":{"rendered":"<p>Po\u00eale \u00e0 poisson en granite Evimsaray<\/p>\n","protected":false},"featured_media":915,"comment_status":"open","ping_status":"closed","template":"","meta":[],"_links":{"self":[{"href":"https:\/\/rubishome.com\/index.php?rest_route=\/wp\/v2\/product\/913"}],"collection":[{"href":"https:\/\/rubishome.com\/index.php?rest_route=\/wp\/v2\/product"}],"about":[{"href":"https:\/\/rubishome.com\/index.php?rest_route=\/wp\/v2\/types\/product"}],"replies":[{"embeddable":true,"href":"https:\/\/rubishome.com\/index.php?rest_route=%2Fwp%2Fv2%2Fcomments&post=913"}],"wp:featuredmedia":[{"embeddable":true,"href":"https:\/\/rubishome.com\/index.php?rest_route=\/wp\/v2\/media\/915"}],"wp:attachment":[{"href":"https:\/\/rubishome.com\/index.php?rest_route=%2Fwp%2Fv2%2Fmedia&parent=913"}],"curies":[{"name":"wp","href":"https:\/\/api.w.org\/{rel}","templated":true}]}}